{"id":13815,"date":"2020-01-02T11:16:32","date_gmt":"2020-01-02T11:16:32","guid":{"rendered":"https:\/\/istanbuliclinic.com\/pt\/?page_id=13815"},"modified":"2020-01-02T13:10:50","modified_gmt":"2020-01-02T13:10:50","slug":"elevacao-e-aumento-dos-seios-na-turquia","status":"publish","type":"page","link":"https:\/\/istanbuliclinic.com\/pt\/elevacao-e-aumento-dos-seios-na-turquia\/","title":{"rendered":"Eleva\u00e7\u00e3o e aumento dos seios na Turquia"},"content":{"rendered":"<div id=\"cmsmasters_row_05f35b56fd\" class=\"cmsmasters_row cmsmasters_color_scheme_default cmsmasters_row_top_default cmsmasters_row_bot_default cmsmasters_row_boxed\">\n<div class=\"cmsmasters_row_outer_parent\">\n<div class=\"cmsmasters_row_outer\">\n<div class=\"cmsmasters_row_inner\">\n<div class=\"cmsmasters_row_margin\">\n<div id=\"cmsmasters_column_d70a0e2b7a\" class=\"cmsmasters_column one_first\">\n<div class=\"cmsmasters_column_inner\"><div class=\"cmsmasters_img  cmsmasters_image_n\"><img decoding=\"async\" src=\"https:\/\/istanbuliclinic.com\/pt\/wp-content\/uploads\/2020\/01\/5e0dc0a617a58.png\" \/><\/div><div id=\"cmsmasters_heading_029a96a860\" class=\"cmsmasters_heading_wrap cmsmasters_heading_align_left\">\n\t<h2 class=\"cmsmasters_heading\">Transplante Capilar na Turquia FUE<\/h2>\n<\/div><div class=\"cmsmasters_text\">\n<h3><span style=\"color: #ff0000;\"><strong>O tamanho que voc\u00ea sempre quis, agora \u00e9 seu<\/strong><\/span><\/h3>\n<h2><span style=\"color: #3366ff;\">O que \u00e9 isso?<\/span><\/h2>\n<p><span style=\"color: #000000;\">Aumento da mama (mamoplastia de aumento) \u00e9 um procedimento cir\u00fargico focado em melhorar o tamanho e a forma da mama de uma mulher. A mastopexia \u00e9 outro procedimento cir\u00fargico para elevar e melhorar o formato das mamas fl\u00e1cidas (ptose mam\u00e1ria) usando pr\u00f3teses mam\u00e1rias.<\/span><\/p>\n<p><span style=\"color: #000000;\"> Nos casos exigidos e necess\u00e1rios, podemos combinar o implante mam\u00e1rio e o enchimento de gordura transferido na mesma cirurgia. Nesta cirurgia, o tamanho da ar\u00e9ola tamb\u00e9m \u00e9 reduzido nos casos em que \u00e9 muito grande.<\/span><\/p>\n<p><span style=\"color: #000000;\">Ambos os procedimentos, aumento e eleva\u00e7\u00e3o da mama, podem ser combinados e realizados na mesma interven\u00e7\u00e3o.<\/span><\/p>\n<p><img fetchpriority=\"high\" decoding=\"async\" class=\" wp-image-13820 aligncenter\" src=\"https:\/\/istanbuliclinic.com\/pt\/wp-content\/uploads\/2020\/01\/5e0dc00917e37.png\" alt=\"\" width=\"482\" height=\"321\" srcset=\"https:\/\/istanbuliclinic.com\/pt\/wp-content\/uploads\/2020\/01\/5e0dc00917e37.png 1024w, https:\/\/istanbuliclinic.com\/pt\/wp-content\/uploads\/2020\/01\/5e0dc00917e37-300x200.png 300w, https:\/\/istanbuliclinic.com\/pt\/wp-content\/uploads\/2020\/01\/5e0dc00917e37-768x512.png 768w, https:\/\/istanbuliclinic.com\/pt\/wp-content\/uploads\/2020\/01\/5e0dc00917e37-580x387.png 580w, https:\/\/istanbuliclinic.com\/pt\/wp-content\/uploads\/2020\/01\/5e0dc00917e37-860x574.png 860w\" sizes=\"(max-width: 482px) 100vw, 482px\" \/><\/p>\n<h2><span style=\"color: #3366ff;\">A primeira consulta<\/span><\/h2>\n<p><span style=\"color: #000000;\">Em uma primeira consulta, o cirurgi\u00e3o pl\u00e1stico avaliar\u00e1 seu estado geral de sa\u00fade, a firmeza da pele e o formato e tamanho das mamas. Tamb\u00e9m mostrar\u00e1 as diferentes t\u00e9cnicas cir\u00fargicas e informar\u00e1 qual \u00e9 a mais apropriada para o seu caso.<\/span><\/p>\n<p><span style=\"color: #000000;\">Al\u00e9m disso, ele lhe dar\u00e1 instru\u00e7\u00f5es para a prepara\u00e7\u00e3o para a cirurgia: regras sobre como consumir alimentos e l\u00edquidos, tabaco ou tomar ou suprimir medicamentos e vitaminas ou suplementos de ferro, se necess\u00e1rio.<\/span><\/p>\n<p><img decoding=\"async\" class=\" wp-image-13819 aligncenter\" src=\"https:\/\/istanbuliclinic.com\/pt\/wp-content\/uploads\/2020\/01\/5e0dc02cb04ea.png\" alt=\"\" width=\"474\" height=\"316\" srcset=\"https:\/\/istanbuliclinic.com\/pt\/wp-content\/uploads\/2020\/01\/5e0dc02cb04ea.png 1024w, https:\/\/istanbuliclinic.com\/pt\/wp-content\/uploads\/2020\/01\/5e0dc02cb04ea-300x200.png 300w, https:\/\/istanbuliclinic.com\/pt\/wp-content\/uploads\/2020\/01\/5e0dc02cb04ea-768x512.png 768w, https:\/\/istanbuliclinic.com\/pt\/wp-content\/uploads\/2020\/01\/5e0dc02cb04ea-580x386.png 580w, https:\/\/istanbuliclinic.com\/pt\/wp-content\/uploads\/2020\/01\/5e0dc02cb04ea-860x573.png 860w\" sizes=\"(max-width: 474px) 100vw, 474px\" \/><\/p>\n<h2><span style=\"color: #3366ff;\">A interven\u00e7\u00e3o<\/span><\/h2>\n<p><span style=\"color: #000000;\">Esse tipo de cirurgia dura entre 1 e 2 horas e \u00e9 realizado em uma sala de cirurgia sob anestesia geral. A interven\u00e7\u00e3o come\u00e7a com uma pequena incis\u00e3o que geralmente \u00e9 feita ao redor da ar\u00e9ola ou no sulco da mama. Posteriormente, \u00e9 criada uma bolsa onde a pr\u00f3tese \u00e9 colocada sob o m\u00fasculo peitoral ou, alternativamente, sob o tecido mam\u00e1rio.<\/span><\/p>\n<p><img decoding=\"async\" class=\"wp-image-13818 aligncenter\" src=\"https:\/\/istanbuliclinic.com\/pt\/wp-content\/uploads\/2020\/01\/5e0dc05dc2146.png\" alt=\"\" width=\"446\" height=\"297\" srcset=\"https:\/\/istanbuliclinic.com\/pt\/wp-content\/uploads\/2020\/01\/5e0dc05dc2146.png 1024w, https:\/\/istanbuliclinic.com\/pt\/wp-content\/uploads\/2020\/01\/5e0dc05dc2146-300x200.png 300w, https:\/\/istanbuliclinic.com\/pt\/wp-content\/uploads\/2020\/01\/5e0dc05dc2146-768x512.png 768w, https:\/\/istanbuliclinic.com\/pt\/wp-content\/uploads\/2020\/01\/5e0dc05dc2146-580x386.png 580w, https:\/\/istanbuliclinic.com\/pt\/wp-content\/uploads\/2020\/01\/5e0dc05dc2146-860x573.png 860w\" sizes=\"(max-width: 446px) 100vw, 446px\" \/><\/p>\n<h2><span style=\"color: #3366ff;\">Depois da cirurgia<\/span><\/h2>\n<p><span style=\"color: #000000;\">Ap\u00f3s a interven\u00e7\u00e3o, voc\u00ea deve ter a ajuda de um companheiro ou membro da fam\u00edlia para ajud\u00e1-lo por alguns dias. Ap\u00f3s a cirurgia da mama, voc\u00ea pode viver uma vida normal aos 7 dias.<\/span><\/p>\n<p><span style=\"color: #000000;\"> A maioria dos desconfortos \u00e9 bem controlada com a analgesia prescrita pelo cirurgi\u00e3o pl\u00e1stico, embora as mamas possam doer por 3 a 5 dias e pareceremos com dor semelhante \u00e0 rigidez. Ent\u00e3o voc\u00ea deve usar um suti\u00e3 especial pelo tempo exigido pelo m\u00e9dico.<\/span><\/p>\n<p><p id=\"wptwa-button-13787\" class=\"wptwa-button-container\" data-target-id=\"13787\" data-page-title=\"Eleva\u00e7\u00e3o e aumento dos seios na Turquia\" data-page-url=\"https:\/\/istanbuliclinic.com\/pt\/elevacao-e-aumento-dos-seios-na-turquia\/\"><span><\/span><\/p>\n<\/p>\n<p><img loading=\"lazy\" decoding=\"async\" class=\"wp-image-13816 aligncenter\" src=\"https:\/\/istanbuliclinic.com\/pt\/wp-content\/uploads\/2020\/01\/5e0dc0d45c2f0.png\" alt=\"\" width=\"470\" height=\"311\" srcset=\"https:\/\/istanbuliclinic.com\/pt\/wp-content\/uploads\/2020\/01\/5e0dc0d45c2f0.png 1024w, https:\/\/istanbuliclinic.com\/pt\/wp-content\/uploads\/2020\/01\/5e0dc0d45c2f0-300x199.png 300w, https:\/\/istanbuliclinic.com\/pt\/wp-content\/uploads\/2020\/01\/5e0dc0d45c2f0-768x509.png 768w, https:\/\/istanbuliclinic.com\/pt\/wp-content\/uploads\/2020\/01\/5e0dc0d45c2f0-580x384.png 580w, https:\/\/istanbuliclinic.com\/pt\/wp-content\/uploads\/2020\/01\/5e0dc0d45c2f0-860x569.png 860w\" sizes=\"(max-width: 470px) 100vw, 470px\" \/><\/p>\n<\/div>\n<div id=\"cmsmasters_divider_91aaeb58a6\" class=\"cmsmasters_divider cmsmasters_divider_width_long cmsmasters_divider_pos_center\"><\/div>\n<\/div><\/div>\n<\/div>\n<\/div>\n<\/div>\n<\/div>\n<\/div>\n<div id=\"cmsmasters_row_12709cb810\" class=\"cmsmasters_row cmsmasters_color_scheme_default cmsmasters_row_top_default cmsmasters_row_bot_default cmsmasters_row_boxed\">\n<div class=\"cmsmasters_row_outer_parent\">\n<div class=\"cmsmasters_row_outer\">\n<div class=\"cmsmasters_row_inner\">\n<div class=\"cmsmasters_row_margin\">\n<div id=\"cmsmasters_column_fbca651e5f\" class=\"cmsmasters_column one_first\">\n<div class=\"cmsmasters_column_inner\">\n<div class=\"cmsmasters_posts_slider project\" >\r\n\t\t<div id=\"cmsmasters_slider_w40qoox1jj\" class=\"cmsmasters_owl_slider owl-carousel\" data-items=\"4\" data-single-item=\"false\" data-auto-play=\"5000\" data-pagination=\"false\" data-navigation=\"true\"><div class=\"cmsmasters_owl_slider_item\"><!-- Start Posts Slider Project Article -->\r\n<article id=\"post-619\" class=\"cmsmasters_slider_project post-619 project type-project status-publish format-standard has-post-thumbnail hentry pj-categs-pharmacy\">\r\n\t<div class=\"cmsmasters_slider_project_outer\">\r\n\t<figure class=\"cmsmasters_img_rollover_wrap preloader\"><img loading=\"lazy\" decoding=\"async\" width=\"580\" height=\"360\" src=\"https:\/\/istanbuliclinic.com\/pt\/wp-content\/uploads\/2019\/12\/images-2-580x360.jpeg\" class=\"full-width wp-post-image\" alt=\"Transplante capilar na Turquia fue\/\" title=\"Transplante capilar na Turquia fue\/\" \/><div class=\"cmsmasters_img_rollover\"><a href=\"https:\/\/istanbuliclinic.com\/pt\/transplante-capilar-na-turquia-fue\/\" title=\"Transplante capilar na Turquia fue\/\" class=\"cmsmasters_open_link\"><\/a><\/div><\/figure><div class=\"cmsmasters_slider_project_inner\"><header class=\"cmsmasters_slider_project_header entry-header\"><h4 class=\"cmsmasters_slider_project_title entry-title\"><a href=\"https:\/\/istanbuliclinic.com\/pt\/transplante-capilar-na-turquia-fue\/\">Transplante capilar na Turquia fue\/<\/a><\/h4><\/header><div class=\"cmsmasters_slider_project_cont_info entry-meta\"><span class=\"cmsmasters_slider_project_category\">In <a href=\"https:\/\/istanbuliclinic.com\/pt\/pj-categs\/pharmacy\/\" class=\"cmsmasters_cat_color cmsmasters_cat_27\" rel=\"category tag\">Pharmacy<\/a><\/span><\/div><footer class=\"cmsmasters_slider_project_footer entry-meta\"><div class=\"cmsmasters_project_footer_meta_info\"><span class=\"cmsmasters_likes cmsmasters_slider_project_likes\"><a href=\"#\" onclick=\"cmsmastersLike(619, false); return false;\" id=\"cmsmastersLike-619\" class=\"cmsmastersLike cmsmasters_theme_icon_like\"><span>10 <\/span><\/a><\/span><\/div><\/footer><\/div>\t<\/div>\r\n<\/article>\r\n<!-- Finish Posts Slider Project Article -->\r\n\r\n<\/div><div class=\"cmsmasters_owl_slider_item\"><!-- Start Posts Slider Project Article -->\r\n<article id=\"post-617\" class=\"cmsmasters_slider_project post-617 project type-project status-publish format-standard has-post-thumbnail hentry pj-categs-pediatric\">\r\n\t<div class=\"cmsmasters_slider_project_outer\">\r\n\t<figure class=\"cmsmasters_img_rollover_wrap preloader\"><img loading=\"lazy\" decoding=\"async\" width=\"580\" height=\"360\" src=\"https:\/\/istanbuliclinic.com\/pt\/wp-content\/uploads\/2019\/12\/denis-tuksar-r7hZa6cHpNY-unsplash-580x360.jpg\" class=\"full-width wp-post-image\" alt=\"implante de dentes na turquia\" title=\"implante de dentes na turquia\" \/><div class=\"cmsmasters_img_rollover\"><a href=\"https:\/\/istanbuliclinic.com\/pt\/implante-de-dentes-na-turquia\/\" title=\"implante de dentes na turquia\" class=\"cmsmasters_open_link\"><\/a><\/div><\/figure><div class=\"cmsmasters_slider_project_inner\"><header class=\"cmsmasters_slider_project_header entry-header\"><h4 class=\"cmsmasters_slider_project_title entry-title\"><a href=\"https:\/\/istanbuliclinic.com\/pt\/implante-de-dentes-na-turquia\/\">implante de dentes na turquia<\/a><\/h4><\/header><div class=\"cmsmasters_slider_project_cont_info entry-meta\"><span class=\"cmsmasters_slider_project_category\">In <a href=\"https:\/\/istanbuliclinic.com\/pt\/pj-categs\/pediatric\/\" class=\"cmsmasters_cat_color cmsmasters_cat_24\" rel=\"category tag\">Pediatric<\/a><\/span><\/div><footer class=\"cmsmasters_slider_project_footer entry-meta\"><div class=\"cmsmasters_project_footer_meta_info\"><span class=\"cmsmasters_likes cmsmasters_slider_project_likes\"><a href=\"#\" onclick=\"cmsmastersLike(617, false); return false;\" id=\"cmsmastersLike-617\" class=\"cmsmastersLike cmsmasters_theme_icon_like\"><span>8 <\/span><\/a><\/span><\/div><\/footer><\/div>\t<\/div>\r\n<\/article>\r\n<!-- Finish Posts Slider Project Article -->\r\n\r\n<\/div><div class=\"cmsmasters_owl_slider_item\"><!-- Start Posts Slider Project Article -->\r\n<article id=\"post-913\" class=\"cmsmasters_slider_project post-913 project type-project status-publish format-standard has-post-thumbnail hentry pj-categs-therapy\">\r\n\t<div class=\"cmsmasters_slider_project_outer\">\r\n\t<figure class=\"cmsmasters_img_rollover_wrap preloader\"><img loading=\"lazy\" decoding=\"async\" width=\"580\" height=\"360\" src=\"https:\/\/istanbuliclinic.com\/pt\/wp-content\/uploads\/2020\/01\/images-8-580x360.jpeg\" class=\"full-width wp-post-image\" alt=\"lipoaspiracao de vaser na Turquia\" title=\"lipoaspiracao de vaser na Turquia\" \/><div class=\"cmsmasters_img_rollover\"><a href=\"https:\/\/istanbuliclinic.com\/pt\/lipoaspiracao-de-vaser-na-turquia\/\" title=\"lipoaspiracao de vaser na Turquia\" class=\"cmsmasters_open_link\"><\/a><\/div><\/figure><div class=\"cmsmasters_slider_project_inner\"><header class=\"cmsmasters_slider_project_header entry-header\"><h4 class=\"cmsmasters_slider_project_title entry-title\"><a href=\"https:\/\/istanbuliclinic.com\/pt\/lipoaspiracao-de-vaser-na-turquia\/\">lipoaspiracao de vaser na Turquia<\/a><\/h4><\/header><div class=\"cmsmasters_slider_project_cont_info entry-meta\"><span class=\"cmsmasters_slider_project_category\">In <a href=\"https:\/\/istanbuliclinic.com\/pt\/pj-categs\/therapy\/\" class=\"cmsmasters_cat_color cmsmasters_cat_35\" rel=\"category tag\">Therapy<\/a><\/span><\/div><footer class=\"cmsmasters_slider_project_footer entry-meta\"><div class=\"cmsmasters_project_footer_meta_info\"><span class=\"cmsmasters_likes cmsmasters_slider_project_likes\"><a href=\"#\" onclick=\"cmsmastersLike(913, false); return false;\" id=\"cmsmastersLike-913\" class=\"cmsmastersLike cmsmasters_theme_icon_like\"><span>8 <\/span><\/a><\/span><\/div><\/footer><\/div>\t<\/div>\r\n<\/article>\r\n<!-- Finish Posts Slider Project Article -->\r\n\r\n<\/div><div class=\"cmsmasters_owl_slider_item\"><!-- Start Posts Slider Project Article -->\r\n<article id=\"post-8414\" class=\"cmsmasters_slider_project post-8414 project type-project status-publish format-standard has-post-thumbnail hentry pj-categs-rehabilitation\">\r\n\t<div class=\"cmsmasters_slider_project_outer\">\r\n\t<figure class=\"cmsmasters_img_rollover_wrap preloader\"><img loading=\"lazy\" decoding=\"async\" width=\"580\" height=\"360\" src=\"https:\/\/istanbuliclinic.com\/pt\/wp-content\/uploads\/2020\/01\/Thigh-lift-1030x684-1-580x360.jpg\" class=\"full-width wp-post-image\" alt=\"Levantar coxas na Turquia\" title=\"Levantar coxas na Turquia\" \/><div class=\"cmsmasters_img_rollover\"><a href=\"https:\/\/istanbuliclinic.com\/pt\/levantar-coxas-na-turquia\/\" title=\"Levantar coxas na Turquia\" class=\"cmsmasters_open_link\"><\/a><\/div><\/figure><div class=\"cmsmasters_slider_project_inner\"><header class=\"cmsmasters_slider_project_header entry-header\"><h4 class=\"cmsmasters_slider_project_title entry-title\"><a href=\"https:\/\/istanbuliclinic.com\/pt\/levantar-coxas-na-turquia\/\">Levantar coxas na Turquia<\/a><\/h4><\/header><div class=\"cmsmasters_slider_project_cont_info entry-meta\"><span class=\"cmsmasters_slider_project_category\">In <a href=\"https:\/\/istanbuliclinic.com\/pt\/pj-categs\/rehabilitation\/\" class=\"cmsmasters_cat_color cmsmasters_cat_28\" rel=\"category tag\">Rehabilitation<\/a><\/span><\/div><footer class=\"cmsmasters_slider_project_footer entry-meta\"><div class=\"cmsmasters_project_footer_meta_info\"><span class=\"cmsmasters_likes cmsmasters_slider_project_likes\"><a href=\"#\" onclick=\"cmsmastersLike(8414, false); return false;\" id=\"cmsmastersLike-8414\" class=\"cmsmastersLike cmsmasters_theme_icon_like\"><span>4 <\/span><\/a><\/span><\/div><\/footer><\/div>\t<\/div>\r\n<\/article>\r\n<!-- Finish Posts Slider Project Article -->\r\n\r\n<\/div><div class=\"cmsmasters_owl_slider_item\"><!-- Start Posts Slider Project Article -->\r\n<article id=\"post-613\" class=\"cmsmasters_slider_project post-613 project type-project status-publish format-standard has-post-thumbnail hentry pj-categs-therapy\">\r\n\t<div class=\"cmsmasters_slider_project_outer\">\r\n\t<figure class=\"cmsmasters_img_rollover_wrap preloader\"><img loading=\"lazy\" decoding=\"async\" width=\"580\" height=\"360\" src=\"https:\/\/istanbuliclinic.com\/pt\/wp-content\/uploads\/2020\/01\/5e0dc0a617a58-580x360.png\" class=\"full-width wp-post-image\" alt=\"Elevacao e aumento Dos seios\" title=\"Elevacao e aumento Dos seios\" \/><div class=\"cmsmasters_img_rollover\"><a href=\"https:\/\/istanbuliclinic.com\/pt\/elevacao-e-aumento-dos-seios-na-turquia\/\" title=\"Elevacao e aumento Dos seios\" class=\"cmsmasters_open_link\"><\/a><\/div><\/figure><div class=\"cmsmasters_slider_project_inner\"><header class=\"cmsmasters_slider_project_header entry-header\"><h4 class=\"cmsmasters_slider_project_title entry-title\"><a href=\"https:\/\/istanbuliclinic.com\/pt\/elevacao-e-aumento-dos-seios-na-turquia\/\">Elevacao e aumento Dos seios<\/a><\/h4><\/header><div class=\"cmsmasters_slider_project_cont_info entry-meta\"><span class=\"cmsmasters_slider_project_category\">In <a href=\"https:\/\/istanbuliclinic.com\/pt\/pj-categs\/therapy\/\" class=\"cmsmasters_cat_color cmsmasters_cat_35\" rel=\"category tag\">Therapy<\/a><\/span><\/div><footer class=\"cmsmasters_slider_project_footer entry-meta\"><div class=\"cmsmasters_project_footer_meta_info\"><span class=\"cmsmasters_likes cmsmasters_slider_project_likes\"><a href=\"#\" onclick=\"cmsmastersLike(613, false); return false;\" id=\"cmsmastersLike-613\" class=\"cmsmastersLike cmsmasters_theme_icon_like\"><span>10 <\/span><\/a><\/span><\/div><\/footer><\/div>\t<\/div>\r\n<\/article>\r\n<!-- Finish Posts Slider Project Article -->\r\n\r\n<\/div><\/div><\/div>\n<\/div><\/div>\n<\/div>\n<\/div>\n<\/div>\n<\/div>\n<\/div>\n<div id=\"cmsmasters_row_64ba008150\" class=\"cmsmasters_row cmsmasters_color_scheme_default cmsmasters_row_top_default cmsmasters_row_bot_default cmsmasters_row_boxed\">\n<div class=\"cmsmasters_row_outer_parent\">\n<div class=\"cmsmasters_row_outer\">\n<div class=\"cmsmasters_row_inner\">\n<div class=\"cmsmasters_row_margin\">\n<div id=\"cmsmasters_column_142893fd0d\" class=\"cmsmasters_column one_first\">\n<div class=\"cmsmasters_column_inner\">\n<div id=\"cmsmasters_divider_b3481ca122\" class=\"cmsmasters_divider cmsmasters_divider_width_long cmsmasters_divider_pos_center\"><\/div>\n<div id=\"cmsmasters_heading_0ce35f52c8\" class=\"cmsmasters_heading_wrap cmsmasters_heading_align_left\">\n\t<h2 class=\"cmsmasters_heading\">Precisa de mais informa\u00e7\u00e3o<\/h2>\n<\/div><div id=\"cmsmasters_heading_98b08daff9\" class=\"cmsmasters_heading_wrap cmsmasters_heading_align_left\">\n\t<h2 class=\"cmsmasters_heading\">Sinta-se livre para nos contatar<\/h2>\n<\/div>\n<div class=\"cmsmasters_contact_form\" data-animation=\"fadeIn\" data-delay=\"0\">\n<div class=\"wpcf7 no-js\" id=\"wpcf7-f7-o1\" lang=\"en-GB\" dir=\"ltr\" data-wpcf7-id=\"7\">\n<div class=\"screen-reader-response\"><p role=\"status\" aria-live=\"polite\" aria-atomic=\"true\"><\/p> <ul><\/ul><\/div>\n<form action=\"\/pt\/wp-json\/wp\/v2\/pages\/13815#wpcf7-f7-o1\" method=\"post\" class=\"wpcf7-form init\" aria-label=\"Contact form\" novalidate=\"novalidate\" data-status=\"init\">\n<fieldset class=\"hidden-fields-container\"><input type=\"hidden\" name=\"_wpcf7\" value=\"7\" \/><input type=\"hidden\" name=\"_wpcf7_version\" value=\"6.1.4\" \/><input type=\"hidden\" name=\"_wpcf7_locale\" value=\"en_GB\" \/><input type=\"hidden\" name=\"_wpcf7_unit_tag\" value=\"wpcf7-f7-o1\" \/><input type=\"hidden\" name=\"_wpcf7_container_post\" value=\"0\" \/><input type=\"hidden\" name=\"_wpcf7_posted_data_hash\" value=\"\" \/>\n<\/fieldset>\n<p><label> Seu nome (required)<br \/>\n<span class=\"wpcf7-form-control-wrap\" data-name=\"your-name\"><input size=\"40\" maxlength=\"400\" class=\"wpcf7-form-control wpcf7-text wpcf7-validates-as-required\" aria-required=\"true\" aria-invalid=\"false\" value=\"\" type=\"text\" name=\"your-name\" \/><\/span> <\/label>\n<\/p>\n<p><label> Seu email (required)<br \/>\n<span class=\"wpcf7-form-control-wrap\" data-name=\"your-email\"><input size=\"40\" maxlength=\"400\" class=\"wpcf7-form-control wpcf7-email wpcf7-validates-as-required wpcf7-text wpcf7-validates-as-email\" aria-required=\"true\" aria-invalid=\"false\" value=\"\" type=\"email\" name=\"your-email\" \/><\/span> <\/label>\n<\/p>\n<p><label> sujeito<br \/>\n<span class=\"wpcf7-form-control-wrap\" data-name=\"your-subject\"><input size=\"40\" maxlength=\"400\" class=\"wpcf7-form-control wpcf7-text\" aria-invalid=\"false\" value=\"\" type=\"text\" name=\"your-subject\" \/><\/span> <\/label>\n<\/p>\n<p><label> Sua mensagem<br \/>\n<span class=\"wpcf7-form-control-wrap\" data-name=\"your-message\"><textarea cols=\"40\" rows=\"10\" maxlength=\"2000\" class=\"wpcf7-form-control wpcf7-textarea\" aria-invalid=\"false\" name=\"your-message\"><\/textarea><\/span> <\/label>\n<\/p>\n<p><input class=\"wpcf7-form-control wpcf7-submit has-spinner\" type=\"submit\" value=\"Mandar\" \/>\n<\/p><p style=\"display: none !important;\" class=\"akismet-fields-container\" data-prefix=\"_wpcf7_ak_\"><label>&#916;<textarea name=\"_wpcf7_ak_hp_textarea\" cols=\"45\" rows=\"8\" maxlength=\"100\"><\/textarea><\/label><input type=\"hidden\" id=\"ak_js_1\" name=\"_wpcf7_ak_js\" value=\"62\"\/><script>document.getElementById( \"ak_js_1\" ).setAttribute( \"value\", ( new Date() ).getTime() );<\/script><\/p><div class=\"wpcf7-response-output\" aria-hidden=\"true\"><\/div>\n<\/form>\n<\/div>\n<\/div>\n<\/div><\/div>\n<\/div>\n<\/div>\n<\/div>\n<\/div>\n<\/div>\n<div id=\"cmsmasters_row_he6wxg3rzc\" class=\"cmsmasters_row cmsmasters_color_scheme_default cmsmasters_row_top_default cmsmasters_row_bot_default cmsmasters_row_boxed\">\n<div class=\"cmsmasters_row_outer_parent\">\n<div class=\"cmsmasters_row_outer\">\n<div class=\"cmsmasters_row_inner\">\n<div class=\"cmsmasters_row_margin\">\n<div id=\"cmsmasters_column_2q0xy2ycbr\" class=\"cmsmasters_column one_first\">\n<div class=\"cmsmasters_column_inner\"><\/div><\/div>\n<\/div>\n<\/div>\n<\/div>\n<\/div>\n<\/div>\n\n","protected":false},"excerpt":{"rendered":"","protected":false},"author":1,"featured_media":0,"parent":0,"menu_order":0,"comment_status":"closed","ping_status":"closed","template":"","meta":{"footnotes":""},"class_list":["post-13815","page","type-page","status-publish","hentry"],"_links":{"self":[{"href":"https:\/\/istanbuliclinic.com\/pt\/wp-json\/wp\/v2\/pages\/13815","targetHints":{"allow":["GET"]}}],"collection":[{"href":"https:\/\/istanbuliclinic.com\/pt\/wp-json\/wp\/v2\/pages"}],"about":[{"href":"https:\/\/istanbuliclinic.com\/pt\/wp-json\/wp\/v2\/types\/page"}],"author":[{"embeddable":true,"href":"https:\/\/istanbuliclinic.com\/pt\/wp-json\/wp\/v2\/users\/1"}],"replies":[{"embeddable":true,"href":"https:\/\/istanbuliclinic.com\/pt\/wp-json\/wp\/v2\/comments?post=13815"}],"version-history":[{"count":2,"href":"https:\/\/istanbuliclinic.com\/pt\/wp-json\/wp\/v2\/pages\/13815\/revisions"}],"predecessor-version":[{"id":13825,"href":"https:\/\/istanbuliclinic.com\/pt\/wp-json\/wp\/v2\/pages\/13815\/revisions\/13825"}],"wp:attachment":[{"href":"https:\/\/istanbuliclinic.com\/pt\/wp-json\/wp\/v2\/media?parent=13815"}],"curies":[{"name":"wp","href":"https:\/\/api.w.org\/{rel}","templated":true}]}}