{"id":12232,"date":"2016-09-13T08:41:54","date_gmt":"2016-09-13T08:41:54","guid":{"rendered":"http:\/\/medical-clinic.cmsmasters.net\/?page_id=12232"},"modified":"2020-01-08T08:37:40","modified_gmt":"2020-01-08T08:37:40","slug":"transplante-capilar-na-turquia-fue","status":"publish","type":"page","link":"https:\/\/istanbuliclinic.com\/pt\/transplante-capilar-na-turquia-fue\/","title":{"rendered":"Transplante Capilar na Turquia FUE"},"content":{"rendered":"<div id=\"cmsmasters_row_05f35b56fd\" class=\"cmsmasters_row cmsmasters_color_scheme_default cmsmasters_row_top_default cmsmasters_row_bot_default cmsmasters_row_boxed\">\n<div class=\"cmsmasters_row_outer_parent\">\n<div class=\"cmsmasters_row_outer\">\n<div class=\"cmsmasters_row_inner\">\n<div class=\"cmsmasters_row_margin\">\n<div id=\"cmsmasters_column_d70a0e2b7a\" class=\"cmsmasters_column one_first\">\n<div class=\"cmsmasters_column_inner\"><div class=\"cmsmasters_img  cmsmasters_image_n\"><img decoding=\"async\" src=\"https:\/\/istanbuliclinic.com\/pt\/wp-content\/uploads\/2019\/12\/images-2.jpeg\" \/><\/div><div id=\"cmsmasters_heading_029a96a860\" class=\"cmsmasters_heading_wrap cmsmasters_heading_align_left\">\n\t<h2 class=\"cmsmasters_heading\">Transplante Capilar na Turquia FUE<\/h2>\n<\/div><div class=\"cmsmasters_text\">\n<h2><span style=\"color: #3366ff;\">por que FUE (EXTRA\u00c7\u00c3O DE UNIDADE FOLICULAR)?<\/span><\/h2>\n<p><span style=\"color: #000000;\">T\u00e9cnica de transplante capilar FUE \u00c9 o m\u00e9todo mais preferido de transplante de cabelo nos \u00faltimos tempos, Claro \u00c0s vezes serve usar outro m\u00e9todo (FUT) depende de situa\u00e7\u00e3o de paciente<\/span><\/p>\n<p><img fetchpriority=\"high\" decoding=\"async\" class=\" wp-image-13783 aligncenter\" src=\"https:\/\/istanbuliclinic.com\/pt\/wp-content\/uploads\/2019\/12\/images-4.jpeg\" alt=\"\" width=\"569\" height=\"320\" srcset=\"https:\/\/istanbuliclinic.com\/pt\/wp-content\/uploads\/2019\/12\/images-4.jpeg 739w, https:\/\/istanbuliclinic.com\/pt\/wp-content\/uploads\/2019\/12\/images-4-300x168.jpeg 300w, https:\/\/istanbuliclinic.com\/pt\/wp-content\/uploads\/2019\/12\/images-4-580x326.jpeg 580w\" sizes=\"(max-width: 569px) 100vw, 569px\" \/><\/p>\n<h2><span style=\"color: #3366ff;\">O que \u00e9 a t\u00e9cnica FUE<\/span><\/h2>\n<p><span style=\"color: #000000;\">A t\u00e9cnica FUE retira os fios um a um(Fol\u00edculos capilares) pelo micromotor para as zonas abertas ou esparsas individualmente da \u00e1rea doadora (nuca e partes laterais) onde o cabelo est\u00e1 concentrado, por isso, n\u00e3o \u00e9 necess\u00e1rio cortes com bisturi. <\/span><\/p>\n<p><span style=\"color: #000000;\">Os furinhos resultantes da extra\u00e7\u00e3o se fecham em at\u00e9 tr\u00eas dias, sem a necessidade de pontos de sutura. Como os fios s\u00e3o retirados um a um, j\u00e1 saem prontos para serem reimplantados.<\/span><\/p>\n<p><img decoding=\"async\" class=\" wp-image-13782 aligncenter\" src=\"https:\/\/istanbuliclinic.com\/pt\/wp-content\/uploads\/2019\/12\/IMG-20150106-WA0036-min.jpg\" alt=\"\" width=\"580\" height=\"387\" srcset=\"https:\/\/istanbuliclinic.com\/pt\/wp-content\/uploads\/2019\/12\/IMG-20150106-WA0036-min.jpg 1280w, https:\/\/istanbuliclinic.com\/pt\/wp-content\/uploads\/2019\/12\/IMG-20150106-WA0036-min-300x200.jpg 300w, https:\/\/istanbuliclinic.com\/pt\/wp-content\/uploads\/2019\/12\/IMG-20150106-WA0036-min-1024x683.jpg 1024w, https:\/\/istanbuliclinic.com\/pt\/wp-content\/uploads\/2019\/12\/IMG-20150106-WA0036-min-768x512.jpg 768w, https:\/\/istanbuliclinic.com\/pt\/wp-content\/uploads\/2019\/12\/IMG-20150106-WA0036-min-580x387.jpg 580w, https:\/\/istanbuliclinic.com\/pt\/wp-content\/uploads\/2019\/12\/IMG-20150106-WA0036-min-860x574.jpg 860w, https:\/\/istanbuliclinic.com\/pt\/wp-content\/uploads\/2019\/12\/IMG-20150106-WA0036-min-1160x774.jpg 1160w\" sizes=\"(max-width: 580px) 100vw, 580px\" \/><\/p>\n<p><span style=\"color: #000000;\">A extra\u00e7\u00e3o via FUE deixa micro-cicatrizes que, se realizada em excesso, pode reduzir bastante a densidade capilar da \u00e1rea doadora, pois os fios retirados v\u00e3o, aos poucos, despovoando aquele local<\/span><\/p>\n<h2><span style=\"color: #3366ff;\">Qual a dura\u00e7\u00e3o do implante capilar<\/span><\/h2>\n<p><span style=\"color: #000000;\">O implante capilar costuma durar cerca de seis a oito horas, isso depende da quantidade de Fol\u00edculos que ser\u00e3o implantados, da t\u00e9cnica escolhida, bem como a experi\u00eancia da equipe. Ent\u00e3o pense nisso antes de deixar se levar pelo pre\u00e7o.<\/span><\/p>\n<p><img decoding=\"async\" class=\" wp-image-13781 aligncenter\" src=\"https:\/\/istanbuliclinic.com\/pt\/wp-content\/uploads\/2019\/12\/Considering-a-Hair-Transplant.jpg\" alt=\"\" width=\"608\" height=\"405\" srcset=\"https:\/\/istanbuliclinic.com\/pt\/wp-content\/uploads\/2019\/12\/Considering-a-Hair-Transplant.jpg 900w, https:\/\/istanbuliclinic.com\/pt\/wp-content\/uploads\/2019\/12\/Considering-a-Hair-Transplant-300x200.jpg 300w, https:\/\/istanbuliclinic.com\/pt\/wp-content\/uploads\/2019\/12\/Considering-a-Hair-Transplant-768x512.jpg 768w, https:\/\/istanbuliclinic.com\/pt\/wp-content\/uploads\/2019\/12\/Considering-a-Hair-Transplant-580x387.jpg 580w, https:\/\/istanbuliclinic.com\/pt\/wp-content\/uploads\/2019\/12\/Considering-a-Hair-Transplant-860x573.jpg 860w\" sizes=\"(max-width: 608px) 100vw, 608px\" \/><\/p>\n<h2><span style=\"color: #3366ff;\">Como \u00e9 o p\u00f3s-operat\u00f3rio<\/span><\/h2>\n<p><span style=\"color: #000000;\">O p\u00f3s-operat\u00f3rio de quem faz um implante capilar \u00e9 relativamente tranquilo, a cirurgia \u00e9 feita com anestesia local, o paciente recebe alta no mesmo dia e se houver dor o uso de medica\u00e7\u00f5es analg\u00e9sicas est\u00e1 liberado.<\/span><\/p>\n<h2><span style=\"color: #ff0000;\">Obtenha sua oferta agora<\/span><\/h2>\n<p><p id=\"wptwa-button-13787\" class=\"wptwa-button-container\" data-target-id=\"13787\" data-page-title=\"Transplante Capilar na Turquia FUE\" data-page-url=\"https:\/\/istanbuliclinic.com\/pt\/transplante-capilar-na-turquia-fue\/\"><span><\/span><\/p>\n<\/p>\n<div id=\"gtx-trans\" style=\"position: absolute; left: 82px; top: 1834.8px;\">\n<div class=\"gtx-trans-icon\"><\/div>\n<\/div>\n<\/div>\n<div id=\"cmsmasters_divider_91aaeb58a6\" class=\"cmsmasters_divider cmsmasters_divider_width_long cmsmasters_divider_pos_center\"><\/div>\n<\/div><\/div>\n<\/div>\n<\/div>\n<\/div>\n<\/div>\n<\/div>\n<div id=\"cmsmasters_row_12709cb810\" class=\"cmsmasters_row cmsmasters_color_scheme_default cmsmasters_row_top_default cmsmasters_row_bot_default cmsmasters_row_boxed\">\n<div class=\"cmsmasters_row_outer_parent\">\n<div class=\"cmsmasters_row_outer\">\n<div class=\"cmsmasters_row_inner\">\n<div class=\"cmsmasters_row_margin\">\n<div id=\"cmsmasters_column_fbca651e5f\" class=\"cmsmasters_column one_first\">\n<div class=\"cmsmasters_column_inner\">\n<div class=\"cmsmasters_posts_slider project\" >\r\n\t\t<div id=\"cmsmasters_slider_w40qoox1jj\" class=\"cmsmasters_owl_slider owl-carousel\" data-items=\"4\" data-single-item=\"false\" data-auto-play=\"5000\" data-pagination=\"false\" data-navigation=\"true\"><div class=\"cmsmasters_owl_slider_item\"><!-- Start Posts Slider Project Article -->\r\n<article id=\"post-619\" class=\"cmsmasters_slider_project post-619 project type-project status-publish format-standard has-post-thumbnail hentry pj-categs-pharmacy\">\r\n\t<div class=\"cmsmasters_slider_project_outer\">\r\n\t<figure class=\"cmsmasters_img_rollover_wrap preloader\"><img loading=\"lazy\" decoding=\"async\" width=\"580\" height=\"360\" src=\"https:\/\/istanbuliclinic.com\/pt\/wp-content\/uploads\/2019\/12\/images-2-580x360.jpeg\" class=\"full-width wp-post-image\" alt=\"Transplante capilar na Turquia fue\/\" title=\"Transplante capilar na Turquia fue\/\" \/><div class=\"cmsmasters_img_rollover\"><a href=\"https:\/\/istanbuliclinic.com\/pt\/transplante-capilar-na-turquia-fue\/\" title=\"Transplante capilar na Turquia fue\/\" class=\"cmsmasters_open_link\"><\/a><\/div><\/figure><div class=\"cmsmasters_slider_project_inner\"><header class=\"cmsmasters_slider_project_header entry-header\"><h4 class=\"cmsmasters_slider_project_title entry-title\"><a href=\"https:\/\/istanbuliclinic.com\/pt\/transplante-capilar-na-turquia-fue\/\">Transplante capilar na Turquia fue\/<\/a><\/h4><\/header><div class=\"cmsmasters_slider_project_cont_info entry-meta\"><span class=\"cmsmasters_slider_project_category\">In <a href=\"https:\/\/istanbuliclinic.com\/pt\/pj-categs\/pharmacy\/\" class=\"cmsmasters_cat_color cmsmasters_cat_27\" rel=\"category tag\">Pharmacy<\/a><\/span><\/div><footer class=\"cmsmasters_slider_project_footer entry-meta\"><div class=\"cmsmasters_project_footer_meta_info\"><span class=\"cmsmasters_likes cmsmasters_slider_project_likes\"><a href=\"#\" onclick=\"cmsmastersLike(619, false); return false;\" id=\"cmsmastersLike-619\" class=\"cmsmastersLike cmsmasters_theme_icon_like\"><span>10 <\/span><\/a><\/span><\/div><\/footer><\/div>\t<\/div>\r\n<\/article>\r\n<!-- Finish Posts Slider Project Article -->\r\n\r\n<\/div><div class=\"cmsmasters_owl_slider_item\"><!-- Start Posts Slider Project Article -->\r\n<article id=\"post-617\" class=\"cmsmasters_slider_project post-617 project type-project status-publish format-standard has-post-thumbnail hentry pj-categs-pediatric\">\r\n\t<div class=\"cmsmasters_slider_project_outer\">\r\n\t<figure class=\"cmsmasters_img_rollover_wrap preloader\"><img loading=\"lazy\" decoding=\"async\" width=\"580\" height=\"360\" src=\"https:\/\/istanbuliclinic.com\/pt\/wp-content\/uploads\/2019\/12\/denis-tuksar-r7hZa6cHpNY-unsplash-580x360.jpg\" class=\"full-width wp-post-image\" alt=\"implante de dentes na turquia\" title=\"implante de dentes na turquia\" \/><div class=\"cmsmasters_img_rollover\"><a href=\"https:\/\/istanbuliclinic.com\/pt\/implante-de-dentes-na-turquia\/\" title=\"implante de dentes na turquia\" class=\"cmsmasters_open_link\"><\/a><\/div><\/figure><div class=\"cmsmasters_slider_project_inner\"><header class=\"cmsmasters_slider_project_header entry-header\"><h4 class=\"cmsmasters_slider_project_title entry-title\"><a href=\"https:\/\/istanbuliclinic.com\/pt\/implante-de-dentes-na-turquia\/\">implante de dentes na turquia<\/a><\/h4><\/header><div class=\"cmsmasters_slider_project_cont_info entry-meta\"><span class=\"cmsmasters_slider_project_category\">In <a href=\"https:\/\/istanbuliclinic.com\/pt\/pj-categs\/pediatric\/\" class=\"cmsmasters_cat_color cmsmasters_cat_24\" rel=\"category tag\">Pediatric<\/a><\/span><\/div><footer class=\"cmsmasters_slider_project_footer entry-meta\"><div class=\"cmsmasters_project_footer_meta_info\"><span class=\"cmsmasters_likes cmsmasters_slider_project_likes\"><a href=\"#\" onclick=\"cmsmastersLike(617, false); return false;\" id=\"cmsmastersLike-617\" class=\"cmsmastersLike cmsmasters_theme_icon_like\"><span>8 <\/span><\/a><\/span><\/div><\/footer><\/div>\t<\/div>\r\n<\/article>\r\n<!-- Finish Posts Slider Project Article -->\r\n\r\n<\/div><div class=\"cmsmasters_owl_slider_item\"><!-- Start Posts Slider Project Article -->\r\n<article id=\"post-913\" class=\"cmsmasters_slider_project post-913 project type-project status-publish format-standard has-post-thumbnail hentry pj-categs-therapy\">\r\n\t<div class=\"cmsmasters_slider_project_outer\">\r\n\t<figure class=\"cmsmasters_img_rollover_wrap preloader\"><img loading=\"lazy\" decoding=\"async\" width=\"580\" height=\"360\" src=\"https:\/\/istanbuliclinic.com\/pt\/wp-content\/uploads\/2020\/01\/images-8-580x360.jpeg\" class=\"full-width wp-post-image\" alt=\"lipoaspiracao de vaser na Turquia\" title=\"lipoaspiracao de vaser na Turquia\" \/><div class=\"cmsmasters_img_rollover\"><a href=\"https:\/\/istanbuliclinic.com\/pt\/lipoaspiracao-de-vaser-na-turquia\/\" title=\"lipoaspiracao de vaser na Turquia\" class=\"cmsmasters_open_link\"><\/a><\/div><\/figure><div class=\"cmsmasters_slider_project_inner\"><header class=\"cmsmasters_slider_project_header entry-header\"><h4 class=\"cmsmasters_slider_project_title entry-title\"><a href=\"https:\/\/istanbuliclinic.com\/pt\/lipoaspiracao-de-vaser-na-turquia\/\">lipoaspiracao de vaser na Turquia<\/a><\/h4><\/header><div class=\"cmsmasters_slider_project_cont_info entry-meta\"><span class=\"cmsmasters_slider_project_category\">In <a href=\"https:\/\/istanbuliclinic.com\/pt\/pj-categs\/therapy\/\" class=\"cmsmasters_cat_color cmsmasters_cat_35\" rel=\"category tag\">Therapy<\/a><\/span><\/div><footer class=\"cmsmasters_slider_project_footer entry-meta\"><div class=\"cmsmasters_project_footer_meta_info\"><span class=\"cmsmasters_likes cmsmasters_slider_project_likes\"><a href=\"#\" onclick=\"cmsmastersLike(913, false); return false;\" id=\"cmsmastersLike-913\" class=\"cmsmastersLike cmsmasters_theme_icon_like\"><span>8 <\/span><\/a><\/span><\/div><\/footer><\/div>\t<\/div>\r\n<\/article>\r\n<!-- Finish Posts Slider Project Article -->\r\n\r\n<\/div><div class=\"cmsmasters_owl_slider_item\"><!-- Start Posts Slider Project Article -->\r\n<article id=\"post-8414\" class=\"cmsmasters_slider_project post-8414 project type-project status-publish format-standard has-post-thumbnail hentry pj-categs-rehabilitation\">\r\n\t<div class=\"cmsmasters_slider_project_outer\">\r\n\t<figure class=\"cmsmasters_img_rollover_wrap preloader\"><img loading=\"lazy\" decoding=\"async\" width=\"580\" height=\"360\" src=\"https:\/\/istanbuliclinic.com\/pt\/wp-content\/uploads\/2020\/01\/Thigh-lift-1030x684-1-580x360.jpg\" class=\"full-width wp-post-image\" alt=\"Levantar coxas na Turquia\" title=\"Levantar coxas na Turquia\" \/><div class=\"cmsmasters_img_rollover\"><a href=\"https:\/\/istanbuliclinic.com\/pt\/levantar-coxas-na-turquia\/\" title=\"Levantar coxas na Turquia\" class=\"cmsmasters_open_link\"><\/a><\/div><\/figure><div class=\"cmsmasters_slider_project_inner\"><header class=\"cmsmasters_slider_project_header entry-header\"><h4 class=\"cmsmasters_slider_project_title entry-title\"><a href=\"https:\/\/istanbuliclinic.com\/pt\/levantar-coxas-na-turquia\/\">Levantar coxas na Turquia<\/a><\/h4><\/header><div class=\"cmsmasters_slider_project_cont_info entry-meta\"><span class=\"cmsmasters_slider_project_category\">In <a href=\"https:\/\/istanbuliclinic.com\/pt\/pj-categs\/rehabilitation\/\" class=\"cmsmasters_cat_color cmsmasters_cat_28\" rel=\"category tag\">Rehabilitation<\/a><\/span><\/div><footer class=\"cmsmasters_slider_project_footer entry-meta\"><div class=\"cmsmasters_project_footer_meta_info\"><span class=\"cmsmasters_likes cmsmasters_slider_project_likes\"><a href=\"#\" onclick=\"cmsmastersLike(8414, false); return false;\" id=\"cmsmastersLike-8414\" class=\"cmsmastersLike cmsmasters_theme_icon_like\"><span>4 <\/span><\/a><\/span><\/div><\/footer><\/div>\t<\/div>\r\n<\/article>\r\n<!-- Finish Posts Slider Project Article -->\r\n\r\n<\/div><div class=\"cmsmasters_owl_slider_item\"><!-- Start Posts Slider Project Article -->\r\n<article id=\"post-613\" class=\"cmsmasters_slider_project post-613 project type-project status-publish format-standard has-post-thumbnail hentry pj-categs-therapy\">\r\n\t<div class=\"cmsmasters_slider_project_outer\">\r\n\t<figure class=\"cmsmasters_img_rollover_wrap preloader\"><img loading=\"lazy\" decoding=\"async\" width=\"580\" height=\"360\" src=\"https:\/\/istanbuliclinic.com\/pt\/wp-content\/uploads\/2020\/01\/5e0dc0a617a58-580x360.png\" class=\"full-width wp-post-image\" alt=\"Elevacao e aumento Dos seios\" title=\"Elevacao e aumento Dos seios\" \/><div class=\"cmsmasters_img_rollover\"><a href=\"https:\/\/istanbuliclinic.com\/pt\/elevacao-e-aumento-dos-seios-na-turquia\/\" title=\"Elevacao e aumento Dos seios\" class=\"cmsmasters_open_link\"><\/a><\/div><\/figure><div class=\"cmsmasters_slider_project_inner\"><header class=\"cmsmasters_slider_project_header entry-header\"><h4 class=\"cmsmasters_slider_project_title entry-title\"><a href=\"https:\/\/istanbuliclinic.com\/pt\/elevacao-e-aumento-dos-seios-na-turquia\/\">Elevacao e aumento Dos seios<\/a><\/h4><\/header><div class=\"cmsmasters_slider_project_cont_info entry-meta\"><span class=\"cmsmasters_slider_project_category\">In <a href=\"https:\/\/istanbuliclinic.com\/pt\/pj-categs\/therapy\/\" class=\"cmsmasters_cat_color cmsmasters_cat_35\" rel=\"category tag\">Therapy<\/a><\/span><\/div><footer class=\"cmsmasters_slider_project_footer entry-meta\"><div class=\"cmsmasters_project_footer_meta_info\"><span class=\"cmsmasters_likes cmsmasters_slider_project_likes\"><a href=\"#\" onclick=\"cmsmastersLike(613, false); return false;\" id=\"cmsmastersLike-613\" class=\"cmsmastersLike cmsmasters_theme_icon_like\"><span>10 <\/span><\/a><\/span><\/div><\/footer><\/div>\t<\/div>\r\n<\/article>\r\n<!-- Finish Posts Slider Project Article -->\r\n\r\n<\/div><\/div><\/div>\n<\/div><\/div>\n<\/div>\n<\/div>\n<\/div>\n<\/div>\n<\/div>\n<div id=\"cmsmasters_row_64ba008150\" class=\"cmsmasters_row cmsmasters_color_scheme_default cmsmasters_row_top_default cmsmasters_row_bot_default cmsmasters_row_boxed\">\n<div class=\"cmsmasters_row_outer_parent\">\n<div class=\"cmsmasters_row_outer\">\n<div class=\"cmsmasters_row_inner\">\n<div class=\"cmsmasters_row_margin\">\n<div id=\"cmsmasters_column_142893fd0d\" class=\"cmsmasters_column one_first\">\n<div class=\"cmsmasters_column_inner\">\n<div id=\"cmsmasters_divider_b3481ca122\" class=\"cmsmasters_divider cmsmasters_divider_width_long cmsmasters_divider_pos_center\"><\/div>\n<div id=\"cmsmasters_heading_0ce35f52c8\" class=\"cmsmasters_heading_wrap cmsmasters_heading_align_left\">\n\t<h2 class=\"cmsmasters_heading\">Precisa de mais informa\u00e7\u00e3o<\/h2>\n<\/div><div id=\"cmsmasters_heading_98b08daff9\" class=\"cmsmasters_heading_wrap cmsmasters_heading_align_left\">\n\t<h2 class=\"cmsmasters_heading\">Sinta-se livre para nos contatar<\/h2>\n<\/div>\n<div class=\"cmsmasters_contact_form\" data-animation=\"fadeIn\" data-delay=\"0\">\n<div class=\"wpcf7 no-js\" id=\"wpcf7-f7-o1\" lang=\"en-GB\" dir=\"ltr\" data-wpcf7-id=\"7\">\n<div class=\"screen-reader-response\"><p role=\"status\" aria-live=\"polite\" aria-atomic=\"true\"><\/p> <ul><\/ul><\/div>\n<form action=\"\/pt\/wp-json\/wp\/v2\/pages\/12232#wpcf7-f7-o1\" method=\"post\" class=\"wpcf7-form init\" aria-label=\"Contact form\" novalidate=\"novalidate\" data-status=\"init\">\n<fieldset class=\"hidden-fields-container\"><input type=\"hidden\" name=\"_wpcf7\" value=\"7\" \/><input type=\"hidden\" name=\"_wpcf7_version\" value=\"6.1.4\" \/><input type=\"hidden\" name=\"_wpcf7_locale\" value=\"en_GB\" \/><input type=\"hidden\" name=\"_wpcf7_unit_tag\" value=\"wpcf7-f7-o1\" \/><input type=\"hidden\" name=\"_wpcf7_container_post\" value=\"0\" \/><input type=\"hidden\" name=\"_wpcf7_posted_data_hash\" value=\"\" \/>\n<\/fieldset>\n<p><label> Seu nome (required)<br \/>\n<span class=\"wpcf7-form-control-wrap\" data-name=\"your-name\"><input size=\"40\" maxlength=\"400\" class=\"wpcf7-form-control wpcf7-text wpcf7-validates-as-required\" aria-required=\"true\" aria-invalid=\"false\" value=\"\" type=\"text\" name=\"your-name\" \/><\/span> <\/label>\n<\/p>\n<p><label> Seu email (required)<br \/>\n<span class=\"wpcf7-form-control-wrap\" data-name=\"your-email\"><input size=\"40\" maxlength=\"400\" class=\"wpcf7-form-control wpcf7-email wpcf7-validates-as-required wpcf7-text wpcf7-validates-as-email\" aria-required=\"true\" aria-invalid=\"false\" value=\"\" type=\"email\" name=\"your-email\" \/><\/span> <\/label>\n<\/p>\n<p><label> sujeito<br \/>\n<span class=\"wpcf7-form-control-wrap\" data-name=\"your-subject\"><input size=\"40\" maxlength=\"400\" class=\"wpcf7-form-control wpcf7-text\" aria-invalid=\"false\" value=\"\" type=\"text\" name=\"your-subject\" \/><\/span> <\/label>\n<\/p>\n<p><label> Sua mensagem<br \/>\n<span class=\"wpcf7-form-control-wrap\" data-name=\"your-message\"><textarea cols=\"40\" rows=\"10\" maxlength=\"2000\" class=\"wpcf7-form-control wpcf7-textarea\" aria-invalid=\"false\" name=\"your-message\"><\/textarea><\/span> <\/label>\n<\/p>\n<p><input class=\"wpcf7-form-control wpcf7-submit has-spinner\" type=\"submit\" value=\"Mandar\" \/>\n<\/p><p style=\"display: none !important;\" class=\"akismet-fields-container\" data-prefix=\"_wpcf7_ak_\"><label>&#916;<textarea name=\"_wpcf7_ak_hp_textarea\" cols=\"45\" rows=\"8\" maxlength=\"100\"><\/textarea><\/label><input type=\"hidden\" id=\"ak_js_1\" name=\"_wpcf7_ak_js\" value=\"173\"\/><script>document.getElementById( \"ak_js_1\" ).setAttribute( \"value\", ( new Date() ).getTime() );<\/script><\/p><div class=\"wpcf7-response-output\" aria-hidden=\"true\"><\/div>\n<\/form>\n<\/div>\n<\/div>\n<\/div><\/div>\n<\/div>\n<\/div>\n<\/div>\n<\/div>\n<\/div>\n<div id=\"cmsmasters_row_he6wxg3rzc\" class=\"cmsmasters_row cmsmasters_color_scheme_default cmsmasters_row_top_default cmsmasters_row_bot_default cmsmasters_row_boxed\">\n<div class=\"cmsmasters_row_outer_parent\">\n<div class=\"cmsmasters_row_outer\">\n<div class=\"cmsmasters_row_inner\">\n<div class=\"cmsmasters_row_margin\">\n<div id=\"cmsmasters_column_2q0xy2ycbr\" class=\"cmsmasters_column one_first\">\n<div class=\"cmsmasters_column_inner\"><\/div><\/div>\n<\/div>\n<\/div>\n<\/div>\n<\/div>\n<\/div>\n\n","protected":false},"excerpt":{"rendered":"","protected":false},"author":1,"featured_media":0,"parent":0,"menu_order":0,"comment_status":"closed","ping_status":"closed","template":"","meta":{"footnotes":""},"class_list":["post-12232","page","type-page","status-publish","hentry"],"_links":{"self":[{"href":"https:\/\/istanbuliclinic.com\/pt\/wp-json\/wp\/v2\/pages\/12232","targetHints":{"allow":["GET"]}}],"collection":[{"href":"https:\/\/istanbuliclinic.com\/pt\/wp-json\/wp\/v2\/pages"}],"about":[{"href":"https:\/\/istanbuliclinic.com\/pt\/wp-json\/wp\/v2\/types\/page"}],"author":[{"embeddable":true,"href":"https:\/\/istanbuliclinic.com\/pt\/wp-json\/wp\/v2\/users\/1"}],"replies":[{"embeddable":true,"href":"https:\/\/istanbuliclinic.com\/pt\/wp-json\/wp\/v2\/comments?post=12232"}],"version-history":[{"count":9,"href":"https:\/\/istanbuliclinic.com\/pt\/wp-json\/wp\/v2\/pages\/12232\/revisions"}],"predecessor-version":[{"id":13863,"href":"https:\/\/istanbuliclinic.com\/pt\/wp-json\/wp\/v2\/pages\/12232\/revisions\/13863"}],"wp:attachment":[{"href":"https:\/\/istanbuliclinic.com\/pt\/wp-json\/wp\/v2\/media?parent=12232"}],"curies":[{"name":"wp","href":"https:\/\/api.w.org\/{rel}","templated":true}]}}